{"id":410,"date":"2026-02-28T07:43:50","date_gmt":"2026-02-28T07:43:50","guid":{"rendered":"https:\/\/kt.brandan.ch\/?page_id=410"},"modified":"2026-02-28T08:08:29","modified_gmt":"2026-02-28T08:08:29","slug":"startseite_2026_03","status":"publish","type":"page","link":"https:\/\/kt.brandan.ch\/","title":{"rendered":"Startseite_2026_03"},"content":{"rendered":"<h1>Kristall-Tempel &#8211; Die innere Stimme im Herzen st\u00e4rken<\/h1>\n<p>&nbsp;<\/p>\n<p><img loading=\"lazy\" decoding=\"async\" class=\"alignright\" src=\"https:\/\/brandan.ch\/wordpress\/wp-content\/uploads\/2024\/12\/fb_start_kt-2.png\" width=\"258\" height=\"181\" \/>Oft ist es schwierig, im L\u00e4rm und der Hetze des Alltags die innere Stimme im Herzen wahrzunehmen.<\/p>\n<p>Die Kristalltempel verst\u00e4rken die innere Stimme im Herzen, so dass Du sie einfacher bemerken kannst. Er unterst\u00fctzt dich dabei, deinen Herzensweg einfacher wahrzunehmen und zu leben. Sie ist auch eine tiefe Verbindung zur Natur und einer seelischen Wissenbibliothek \u00fcber Menschen.<\/p>\n<p>&nbsp;<\/p>\n<p>In einer einmaligen Sitzung kann ich Dich dabei untrst\u00fctzen, diese Verbindung wieder im Bewusstsein zu verankern, so dass sie im Alltag gelbt werden kann.<\/p>\n<p>&nbsp;<\/p>\n","protected":false},"excerpt":{"rendered":"<p>Kristall-Tempel &#8211; Die innere Stimme im Herzen st\u00e4rken &nbsp; Oft ist es schwierig, im L\u00e4rm und der Hetze des Alltags die innere Stimme im Herzen wahrzunehmen. Die Kristalltempel verst\u00e4rken die innere Stimme im Herzen, so dass Du sie einfacher bemerken kannst. Er unterst\u00fctzt dich dabei, deinen Herzensweg einfacher wahrzunehmen und&#8230;<\/p>\n<p class=\"continue-reading-button\"> <a class=\"continue-reading-link\" href=\"https:\/\/kt.brandan.ch\/\">Continue reading<i class=\"crycon-right-dir\"><\/i><\/a><\/p>\n","protected":false},"author":1,"featured_media":0,"parent":0,"menu_order":0,"comment_status":"closed","ping_status":"closed","template":"","meta":{"footnotes":""},"class_list":["post-410","page","type-page","status-publish","hentry"],"_links":{"self":[{"href":"https:\/\/kt.brandan.ch\/index.php?rest_route=\/wp\/v2\/pages\/410","targetHints":{"allow":["GET"]}}],"collection":[{"href":"https:\/\/kt.brandan.ch\/index.php?rest_route=\/wp\/v2\/pages"}],"about":[{"href":"https:\/\/kt.brandan.ch\/index.php?rest_route=\/wp\/v2\/types\/page"}],"author":[{"embeddable":true,"href":"https:\/\/kt.brandan.ch\/index.php?rest_route=\/wp\/v2\/users\/1"}],"replies":[{"embeddable":true,"href":"https:\/\/kt.brandan.ch\/index.php?rest_route=%2Fwp%2Fv2%2Fcomments&post=410"}],"version-history":[{"count":6,"href":"https:\/\/kt.brandan.ch\/index.php?rest_route=\/wp\/v2\/pages\/410\/revisions"}],"predecessor-version":[{"id":419,"href":"https:\/\/kt.brandan.ch\/index.php?rest_route=\/wp\/v2\/pages\/410\/revisions\/419"}],"wp:attachment":[{"href":"https:\/\/kt.brandan.ch\/index.php?rest_route=%2Fwp%2Fv2%2Fmedia&parent=410"}],"curies":[{"name":"wp","href":"https:\/\/api.w.org\/{rel}","templated":true}]}}