{"id":171,"date":"2023-02-25T16:43:09","date_gmt":"2023-02-25T16:43:09","guid":{"rendered":"https:\/\/kt.brandan.ch\/?page_id=171"},"modified":"2023-02-26T06:52:33","modified_gmt":"2023-02-26T06:52:33","slug":"ueber-mich","status":"publish","type":"page","link":"https:\/\/kt.brandan.ch\/?page_id=171","title":{"rendered":"\u00dcber mich"},"content":{"rendered":"<h1><img loading=\"lazy\" decoding=\"async\" class=\"alignright\" src=\"https:\/\/brandan.ch\/bilder\/brandan_1.jpg\" width=\"156\" height=\"128\" \/>\u00dcber mich<\/h1>\n<p>&nbsp;<\/p>\n<p>Nach einer langj\u00e4hrigen T\u00e4tigkeit als Leiter Controlling hatte ich mich f\u00fcr eine Auszeit entschlossen.<\/p>\n<p>&nbsp;<\/p>\n<p>W\u00e4hrend dieser Auszeit hatte ich eine spirituelle Erfahrung, bei der sich der Himmel \u00f6ffnete und ich mit der unendlichen Weite und dem Frieden des Universums in Kontakt kam. In dieser Erfahrung fand ich diese universelle Kraft der Ph\u00f6nixe.<\/p>\n<p>&nbsp;<\/p>\n<p>Diese Erfahrung hat mich tief ber\u00fchrt und meine Leben hat eine neue Wendung genommen. Meine Werte haben sich ver\u00e4ndert und der Wunsch, Menschen in ihrem Sein zu unterst\u00fctzen hat immer mehr Bedeutung erhalten. Die Verbindungen zu Menschen und Erde haben sich neu gegliedert und eine Tiefe bekommen, die ich nicht f\u00fcr m\u00f6glich gehalten h\u00e4tte. Verschiedene Seminare und Workshops haben diesen Prozess weiter unterst\u00fctzt und mich den Umgang damit gelehrt.<\/p>\n<p>&nbsp;<\/p>\n<p>Daraus ist eine tiefe Verbindung zur Mutter Erde und dem Himmel entstanden, die ich in heilerischen und schamanischen Workshops weiter geben darf.<\/p>\n","protected":false},"excerpt":{"rendered":"<p>\u00dcber mich &nbsp; Nach einer langj\u00e4hrigen T\u00e4tigkeit als Leiter Controlling hatte ich mich f\u00fcr eine Auszeit entschlossen. &nbsp; W\u00e4hrend dieser Auszeit hatte ich eine spirituelle Erfahrung, bei der sich der Himmel \u00f6ffnete und ich mit der unendlichen Weite und dem Frieden des Universums in Kontakt kam. In dieser Erfahrung fand&#8230;<\/p>\n<p class=\"continue-reading-button\"> <a class=\"continue-reading-link\" href=\"https:\/\/kt.brandan.ch\/?page_id=171\">Continue reading<i class=\"crycon-right-dir\"><\/i><\/a><\/p>\n","protected":false},"author":1,"featured_media":0,"parent":0,"menu_order":0,"comment_status":"closed","ping_status":"closed","template":"","meta":{"footnotes":""},"class_list":["post-171","page","type-page","status-publish","hentry"],"_links":{"self":[{"href":"https:\/\/kt.brandan.ch\/index.php?rest_route=\/wp\/v2\/pages\/171","targetHints":{"allow":["GET"]}}],"collection":[{"href":"https:\/\/kt.brandan.ch\/index.php?rest_route=\/wp\/v2\/pages"}],"about":[{"href":"https:\/\/kt.brandan.ch\/index.php?rest_route=\/wp\/v2\/types\/page"}],"author":[{"embeddable":true,"href":"https:\/\/kt.brandan.ch\/index.php?rest_route=\/wp\/v2\/users\/1"}],"replies":[{"embeddable":true,"href":"https:\/\/kt.brandan.ch\/index.php?rest_route=%2Fwp%2Fv2%2Fcomments&post=171"}],"version-history":[{"count":4,"href":"https:\/\/kt.brandan.ch\/index.php?rest_route=\/wp\/v2\/pages\/171\/revisions"}],"predecessor-version":[{"id":183,"href":"https:\/\/kt.brandan.ch\/index.php?rest_route=\/wp\/v2\/pages\/171\/revisions\/183"}],"wp:attachment":[{"href":"https:\/\/kt.brandan.ch\/index.php?rest_route=%2Fwp%2Fv2%2Fmedia&parent=171"}],"curies":[{"name":"wp","href":"https:\/\/api.w.org\/{rel}","templated":true}]}}